{"id":29,"date":"2025-11-07T10:27:14","date_gmt":"2025-11-07T10:27:14","guid":{"rendered":"https:\/\/shaktiskolen.wpenginepowered.com\/?page_id=29"},"modified":"2025-12-07T16:13:28","modified_gmt":"2025-12-07T16:13:28","slug":"workshops-kurs-og-foredrag","status":"publish","type":"page","link":"https:\/\/shaktiskolen.no\/?page_id=29","title":{"rendered":"Workshops, kurs og foredrag"},"content":{"rendered":"\n<div class=\"wp-block-group alignfull is-layout-flow wp-container-core-group-is-layout-f9cb6abc wp-block-group-is-layout-flow\" style=\"margin-top:0;margin-bottom:0\">\n<div class=\"wp-block-columns alignfull is-style-section-2 is-layout-flex wp-container-core-columns-is-layout-d9884270 wp-block-columns-is-layout-flex is-style-section-2--1\" style=\"padding-top:0;padding-bottom:0\">\n<div class=\"wp-block-column is-layout-flow wp-block-column-is-layout-flow\" style=\"flex-basis:50%\">\n<div class=\"wp-block-group is-vertical is-content-justification-stretch is-layout-flex wp-container-core-group-is-layout-098fff0a wp-block-group-is-layout-flex\" style=\"min-height:33vh;padding-top:var(--wp--preset--spacing--50);padding-right:var(--wp--preset--spacing--50);padding-bottom:var(--wp--preset--spacing--50);padding-left:var(--wp--preset--spacing--50)\">\n<p>Oslo yogafestival: <a href=\"https:\/\/yogafestivalen.no\/program\/zoom-program\/\">Shakti &#8211; guddommelig feminin inspirasjon<\/a><\/p>\n\n\n\n<p>Oslo yogafestival: Workshop &#8211;<a href=\"https:\/\/yogafestivalen.no\/program-for-sondag\/\"> sanskrit for yogier<\/a><\/p>\n\n\n\n<p>V\u00e5rvibrasjoner &#8211; sanskrit, mantra og jivamukti-yoga. Retreat p\u00e5 N\u00f8sen fjellhotell med Millaray Salomon (kommer &#8211; mai 2026)<\/p>\n\n\n\n<p>Leela yoga: Satsangs (kommer &#8211; januar 2026)<\/p>\n\n\n\n<p>Anahata yoga: Workshop: shakti (kommer &#8211; april 2026)<\/p>\n<\/div>\n<\/div>\n\n\n\n<div class=\"wp-block-column is-layout-flow wp-block-column-is-layout-flow\" style=\"flex-basis:50%\">\n<div class=\"wp-block-cover is-light\"><img loading=\"lazy\" decoding=\"async\" width=\"500\" height=\"334\" class=\"wp-block-cover__image-background wp-image-40 size-full\" alt=\"\" src=\"https:\/\/shaktiskolen.no\/wp-content\/uploads\/2025\/12\/468295715_10169405468550134_6465631127686354241_n.jpg\" data-object-fit=\"cover\" srcset=\"https:\/\/shaktiskolen.no\/wp-content\/uploads\/2025\/12\/468295715_10169405468550134_6465631127686354241_n.jpg 500w, https:\/\/shaktiskolen.no\/wp-content\/uploads\/2025\/12\/468295715_10169405468550134_6465631127686354241_n-300x200.jpg 300w\" sizes=\"auto, (max-width: 500px) 100vw, 500px\" \/><span aria-hidden=\"true\" class=\"wp-block-cover__background has-background-dim-0 has-background-dim\" style=\"background-color:#758691\"><\/span><div class=\"wp-block-cover__inner-container is-layout-flow wp-block-cover-is-layout-flow\">\n<div style=\"height:var(--wp--preset--spacing--20)\" aria-hidden=\"true\" class=\"wp-block-spacer\"><\/div>\n<\/div><\/div>\n<\/div>\n<\/div>\n<\/div>\n","protected":false},"excerpt":{"rendered":"<p>Oslo yogafestival: Shakti &#8211; guddommelig feminin inspirasjon Oslo yogafestival: Workshop &#8211; sanskrit for yogier V\u00e5rvibrasjoner &#8211; sanskrit, mantra og jivamukti-yoga. Retreat p\u00e5 N\u00f8sen fjellhotell med Millaray Salomon (kommer &#8211; mai 2026) Leela yoga: Satsangs (kommer &#8211; januar 2026) Anahata yoga: Workshop: shakti (kommer &#8211; april 2026)<\/p>\n","protected":false},"author":2,"featured_media":0,"parent":0,"menu_order":0,"comment_status":"closed","ping_status":"closed","template":"","meta":{"footnotes":""},"class_list":["post-29","page","type-page","status-publish","hentry"],"featured_image_src":null,"featured_image_src_square":null,"_links":{"self":[{"href":"https:\/\/shaktiskolen.no\/index.php?rest_route=\/wp\/v2\/pages\/29","targetHints":{"allow":["GET"]}}],"collection":[{"href":"https:\/\/shaktiskolen.no\/index.php?rest_route=\/wp\/v2\/pages"}],"about":[{"href":"https:\/\/shaktiskolen.no\/index.php?rest_route=\/wp\/v2\/types\/page"}],"author":[{"embeddable":true,"href":"https:\/\/shaktiskolen.no\/index.php?rest_route=\/wp\/v2\/users\/2"}],"replies":[{"embeddable":true,"href":"https:\/\/shaktiskolen.no\/index.php?rest_route=%2Fwp%2Fv2%2Fcomments&post=29"}],"version-history":[{"count":0,"href":"https:\/\/shaktiskolen.no\/index.php?rest_route=\/wp\/v2\/pages\/29\/revisions"}],"wp:attachment":[{"href":"https:\/\/shaktiskolen.no\/index.php?rest_route=%2Fwp%2Fv2%2Fmedia&parent=29"}],"curies":[{"name":"wp","href":"https:\/\/api.w.org\/{rel}","templated":true}]}}