{"id":28,"date":"2025-11-07T10:16:16","date_gmt":"2025-11-07T10:16:16","guid":{"rendered":"https:\/\/shaktiskolen.wpenginepowered.com\/?page_id=28"},"modified":"2025-12-07T19:12:20","modified_gmt":"2025-12-07T19:12:20","slug":"om-meg","status":"publish","type":"page","link":"https:\/\/shaktiskolen.no\/?page_id=28","title":{"rendered":"Om meg"},"content":{"rendered":"\n<div class=\"wp-block-cover alignfull has-custom-content-position is-position-bottom-left\" style=\"margin-top:0;margin-bottom:0;padding-top:var(--wp--preset--spacing--50);padding-right:var(--wp--preset--spacing--50);padding-bottom:var(--wp--preset--spacing--50);padding-left:var(--wp--preset--spacing--50);min-height:100vh;aspect-ratio:unset;\"><img loading=\"lazy\" decoding=\"async\" width=\"1024\" height=\"679\" class=\"wp-block-cover__image-background wp-image-38 size-large\" alt=\"\" src=\"https:\/\/shaktiskolen.no\/wp-content\/uploads\/2025\/12\/14-sept.-santaveliyamman-056-1024x679.jpg\" data-object-fit=\"cover\" srcset=\"https:\/\/shaktiskolen.no\/wp-content\/uploads\/2025\/12\/14-sept.-santaveliyamman-056-1024x679.jpg 1024w, https:\/\/shaktiskolen.no\/wp-content\/uploads\/2025\/12\/14-sept.-santaveliyamman-056-300x199.jpg 300w, https:\/\/shaktiskolen.no\/wp-content\/uploads\/2025\/12\/14-sept.-santaveliyamman-056-768x509.jpg 768w, https:\/\/shaktiskolen.no\/wp-content\/uploads\/2025\/12\/14-sept.-santaveliyamman-056-1536x1019.jpg 1536w, https:\/\/shaktiskolen.no\/wp-content\/uploads\/2025\/12\/14-sept.-santaveliyamman-056-2048x1358.jpg 2048w\" sizes=\"auto, (max-width: 1024px) 100vw, 1024px\" \/><span aria-hidden=\"true\" class=\"wp-block-cover__background has-background-dim-10 has-background-dim\"><\/span><div class=\"wp-block-cover__inner-container has-global-padding is-layout-constrained wp-container-core-cover-is-layout-d89aad35 wp-block-cover-is-layout-constrained\">\n<div class=\"wp-block-group alignwide has-global-padding is-content-justification-left is-layout-constrained wp-container-core-group-is-layout-12dd3699 wp-block-group-is-layout-constrained\">\n<h2 class=\"wp-block-heading has-text-align-left has-xx-large-font-size\">Min faglige bakgrunn<\/h2>\n\n\n\n<p>Jeg jobber som f\u00f8rsteamanuensis i religion og religionsdidaktikk ved Universitet i S\u00f8r\u00f8st-Norge. Her underviser jeg bl.a. i KRLE i l\u00e6rerutdanningen. Jeg har ogs\u00e5 undervisningserfaring fra introduksjonskursene i Sanskrit (1&amp;2) ved Universitet i Oslo.<\/p>\n\n\n\n<p>I 2018 disputerte jeg med min doktorgrad i s\u00f8r-Asia-studier med spesialisering i hinduisme og sanskrit.\u00a0Avhandlingen handlet om den ni netter lange gudinnefestivalen Navar\u0101tri, med fokus p\u00e5 hvordan Gudinnens lek kommer til uttrykk i ritualer og mytologi. Jeg analyserer Navar\u0101tri som en festival som feirer det feminine i alle sine former, og kombinerer tekststudier og antropologisk feltarbeid.<\/p>\n\n\n\n<p>Jeg har ogs\u00e5 fag fra religionshistorie, sosialantropologi, musikkvitenskap og filosofi i fagkretsen min.<\/p>\n\n\n\n<p>Jeg har bodd flere semestre i India, b\u00e5de som student og forsker.<\/p>\n<\/div>\n<\/div><\/div>\n\n\n\n<div class=\"wp-block-group alignfull is-style-section-5 has-global-padding is-layout-constrained wp-block-group-is-layout-constrained is-style-section-5--1\" style=\"margin-top:0;margin-bottom:0;padding-top:var(--wp--preset--spacing--50);padding-bottom:var(--wp--preset--spacing--50)\">\n<div class=\"wp-block-columns alignwide is-layout-flex wp-container-core-columns-is-layout-7ee84d44 wp-block-columns-is-layout-flex\">\n<div class=\"wp-block-column is-vertically-aligned-center is-layout-flow wp-block-column-is-layout-flow\" style=\"flex-basis:50%\">\n<h2 class=\"wp-block-heading\">Min personlige reise<\/h2>\n\n\n\n<p class=\"has-medium-font-size\">Min interesse for indiske religioner begynte tidlig. Fra ungdomsskolealder leste jeg alt jeg kom over om buddhisme og hinduisme. Jeg meldte meg inn i buddhistforbundet da jeg var 15, praktiserte meditasjon i flere \u00e5r, og fors\u00f8kte \u00e5 leve etter de etiske treningsreglene.<\/p>\n\n\n\n<p class=\"has-medium-font-size\">I m\u00f8te med en akademisk-kritisk fagtradisjon p\u00e5 universitet dabbet den personlige praksisen mer og mer av. Det faglige med b\u00e5de buddhisme og hinduisme fortsatte imidlertid \u00e5 v\u00e6re spennende. <\/p>\n\n\n\n<p class=\"has-medium-font-size\">Etter \u00e5 ha g\u00e5tt p\u00e5 en stressrelatert smell for fire \u00e5r siden sa kroppen stopp, og jeg ble for alvor hekta p\u00e5 yoga. I dag har jeg en s\u0101dhan\u0101 (praksis) jeg ikke ville v\u00e6rt foruten.<\/p>\n\n\n\n<p class=\"has-medium-font-size\">I 2025 utdannet jeg meg som yogal\u00e6rer i klassisk indisk ha\u1e6dha-yoga i Sivananda-tradisjonen. Dette er en holistisk yogaretning som kombinerer \u0101sana (yogastillinger), pr\u0101\u1e47\u0101yama (puste\u00f8velser), meditasjon og mantra.<\/p>\n<\/div>\n\n\n\n<div class=\"wp-block-column is-vertically-aligned-center is-layout-flow wp-block-column-is-layout-flow\" style=\"flex-basis:50%\">\n<figure class=\"wp-block-image size-full\"><img loading=\"lazy\" decoding=\"async\" width=\"598\" height=\"798\" src=\"https:\/\/shaktiskolen.no\/wp-content\/uploads\/2025\/11\/Unknown-26.jpg\" alt=\"\" class=\"wp-image-26\" style=\"aspect-ratio:1;object-fit:cover\" srcset=\"https:\/\/shaktiskolen.no\/wp-content\/uploads\/2025\/11\/Unknown-26.jpg 598w, https:\/\/shaktiskolen.no\/wp-content\/uploads\/2025\/11\/Unknown-26-225x300.jpg 225w\" sizes=\"auto, (max-width: 598px) 100vw, 598px\" \/><\/figure>\n<\/div>\n<\/div>\n<\/div>\n\n\n\n<div class=\"wp-block-group alignfull has-global-padding is-layout-constrained wp-block-group-is-layout-constrained\" style=\"margin-top:0;margin-bottom:0\">\n<div class=\"wp-block-group alignwide is-layout-grid wp-container-core-group-is-layout-5fdb10e5 wp-block-group-is-layout-grid\" style=\"padding-top:var(--wp--preset--spacing--50);padding-bottom:var(--wp--preset--spacing--50)\">\n<div class=\"wp-block-group is-vertical is-content-justification-stretch is-nowrap is-layout-flex wp-container-core-group-is-layout-627337ab wp-block-group-is-layout-flex\">\n<div class=\"wp-block-group is-vertical is-content-justification-left is-layout-flex wp-container-core-group-is-layout-dd225191 wp-block-group-is-layout-flex\">\n<h2 class=\"wp-block-heading is-style-text-annotation is-style-text-annotation--2\">About Us<\/h2>\n\n\n\n<p class=\"is-style-text-subtitle is-style-text-subtitle--3\">Mine b\u00f8ker og publikasjoner<\/p>\n\n\n\n<p>Boka &#8220;<a href=\"https:\/\/www.ark.no\/produkt\/boker\/dokumentar-og-faktaboker\/shakti-9788230028896\" data-type=\"link\" data-id=\"https:\/\/www.ark.no\/produkt\/boker\/dokumentar-og-faktaboker\/shakti-9788230028896\">Shakti &#8211; Hinduismens og yogaens gudinner&#8221;<\/a> handler om hinduismens store gudinne og hennes mange manifestasjoner.<\/p>\n\n\n\n<p>Boka &#8220;<a href=\"https:\/\/hasp.ub.uni-heidelberg.de\/catalog\/book\/1167\" data-type=\"link\" data-id=\"https:\/\/hasp.ub.uni-heidelberg.de\/catalog\/book\/1167\">The play of the feminine &#8211; Navar\u0101tri in Kanchipuram<\/a>&#8221; handler om lokale s\u00f8r-Indiske uttrykk av gudinnefestivalen Navar\u0101tri. <\/p>\n\n\n\n<p>Mer om forskningen min kan du lese <a href=\"https:\/\/www.usn.no\/kontakt-oss\/ansatte\/ina-marie-lunde-ilkama-1\" data-type=\"link\" data-id=\"https:\/\/www.usn.no\/kontakt-oss\/ansatte\/ina-marie-lunde-ilkama-1\">her<\/a>, p\u00e5 ansattsiden min hos USN.<\/p>\n<\/div>\n\n\n\n<figure class=\"wp-block-image size-full\"><img loading=\"lazy\" decoding=\"async\" width=\"2048\" height=\"1358\" src=\"https:\/\/shaktiskolen.no\/wp-content\/uploads\/2025\/12\/473584693_10170329146510134_6901010515473030881_n.jpg\" alt=\"\" class=\"wp-image-39\" style=\"aspect-ratio:16\/9;object-fit:cover\" srcset=\"https:\/\/shaktiskolen.no\/wp-content\/uploads\/2025\/12\/473584693_10170329146510134_6901010515473030881_n.jpg 2048w, https:\/\/shaktiskolen.no\/wp-content\/uploads\/2025\/12\/473584693_10170329146510134_6901010515473030881_n-300x199.jpg 300w, https:\/\/shaktiskolen.no\/wp-content\/uploads\/2025\/12\/473584693_10170329146510134_6901010515473030881_n-1024x679.jpg 1024w, https:\/\/shaktiskolen.no\/wp-content\/uploads\/2025\/12\/473584693_10170329146510134_6901010515473030881_n-768x509.jpg 768w, https:\/\/shaktiskolen.no\/wp-content\/uploads\/2025\/12\/473584693_10170329146510134_6901010515473030881_n-1536x1019.jpg 1536w\" sizes=\"auto, (max-width: 2048px) 100vw, 2048px\" \/><\/figure>\n<\/div>\n\n\n\n<figure class=\"wp-block-image size-full\"><img loading=\"lazy\" decoding=\"async\" width=\"1289\" height=\"1695\" src=\"https:\/\/shaktiskolen.no\/wp-content\/uploads\/2025\/11\/Skjermbilde-2025-05-07-kl.-16.02.04-kopi.png\" alt=\"\" class=\"wp-image-31\" style=\"aspect-ratio:3\/4;object-fit:cover\" srcset=\"https:\/\/shaktiskolen.no\/wp-content\/uploads\/2025\/11\/Skjermbilde-2025-05-07-kl.-16.02.04-kopi.png 1289w, https:\/\/shaktiskolen.no\/wp-content\/uploads\/2025\/11\/Skjermbilde-2025-05-07-kl.-16.02.04-kopi-228x300.png 228w, https:\/\/shaktiskolen.no\/wp-content\/uploads\/2025\/11\/Skjermbilde-2025-05-07-kl.-16.02.04-kopi-779x1024.png 779w, https:\/\/shaktiskolen.no\/wp-content\/uploads\/2025\/11\/Skjermbilde-2025-05-07-kl.-16.02.04-kopi-768x1010.png 768w, https:\/\/shaktiskolen.no\/wp-content\/uploads\/2025\/11\/Skjermbilde-2025-05-07-kl.-16.02.04-kopi-1168x1536.png 1168w\" sizes=\"auto, (max-width: 1289px) 100vw, 1289px\" \/><\/figure>\n<\/div>\n<\/div>\n\n\n\n<p><\/p>\n","protected":false},"excerpt":{"rendered":"<p>Min personlige reise Min interesse for indiske religioner begynte tidlig. Fra ungdomsskolealder leste jeg alt jeg kom over om buddhisme og hinduisme. Jeg meldte meg inn i buddhistforbundet da jeg var 15, praktiserte meditasjon i flere \u00e5r, og fors\u00f8kte \u00e5 leve etter de etiske treningsreglene. I m\u00f8te med en akademisk-kritisk fagtradisjon p\u00e5 universitet dabbet den [&hellip;]<\/p>\n","protected":false},"author":2,"featured_media":0,"parent":0,"menu_order":0,"comment_status":"closed","ping_status":"closed","template":"","meta":{"footnotes":""},"class_list":["post-28","page","type-page","status-publish","hentry"],"featured_image_src":null,"featured_image_src_square":null,"_links":{"self":[{"href":"https:\/\/shaktiskolen.no\/index.php?rest_route=\/wp\/v2\/pages\/28","targetHints":{"allow":["GET"]}}],"collection":[{"href":"https:\/\/shaktiskolen.no\/index.php?rest_route=\/wp\/v2\/pages"}],"about":[{"href":"https:\/\/shaktiskolen.no\/index.php?rest_route=\/wp\/v2\/types\/page"}],"author":[{"embeddable":true,"href":"https:\/\/shaktiskolen.no\/index.php?rest_route=\/wp\/v2\/users\/2"}],"replies":[{"embeddable":true,"href":"https:\/\/shaktiskolen.no\/index.php?rest_route=%2Fwp%2Fv2%2Fcomments&post=28"}],"version-history":[{"count":0,"href":"https:\/\/shaktiskolen.no\/index.php?rest_route=\/wp\/v2\/pages\/28\/revisions"}],"wp:attachment":[{"href":"https:\/\/shaktiskolen.no\/index.php?rest_route=%2Fwp%2Fv2%2Fmedia&parent=28"}],"curies":[{"name":"wp","href":"https:\/\/api.w.org\/{rel}","templated":true}]}}